{"id":32,"date":"2023-10-27T18:07:33","date_gmt":"2023-10-27T16:07:33","guid":{"rendered":"https:\/\/loscisnespsicologia.es\/?page_id=32"},"modified":"2025-04-07T16:02:03","modified_gmt":"2025-04-07T14:02:03","slug":"sobre-el-mi","status":"publish","type":"page","link":"https:\/\/loscisnespsicologia.es\/?page_id=32","title":{"rendered":"Sobre m\u00ed"},"content":{"rendered":"\t\t<div data-elementor-type=\"wp-page\" data-elementor-id=\"32\" class=\"elementor elementor-32\">\n\t\t\t\t<div class=\"elementor-element elementor-element-ecc4fc9 e-flex e-con-boxed e-con e-parent\" data-id=\"ecc4fc9\" data-element_type=\"container\">\n\t\t\t\t\t<div class=\"e-con-inner\">\n\t\t<div class=\"elementor-element elementor-element-b7ad5e7 e-con-full e-flex e-con e-child\" data-id=\"b7ad5e7\" data-element_type=\"container\">\n\t\t\t\t<div class=\"elementor-element elementor-element-7ac7b45 elementor-widget elementor-widget-heading\" data-id=\"7ac7b45\" data-element_type=\"widget\" data-widget_type=\"heading.default\">\n\t\t\t\t<div class=\"elementor-widget-container\">\n\t\t\t<h2 class=\"elementor-heading-title elementor-size-default\">Soy Ana, encantada.<\/h2>\t\t<\/div>\n\t\t\t\t<\/div>\n\t\t\t\t<div class=\"elementor-element elementor-element-1d5a645 elementor-widget elementor-widget-text-editor\" data-id=\"1d5a645\" data-element_type=\"widget\" data-widget_type=\"text-editor.default\">\n\t\t\t\t<div class=\"elementor-widget-container\">\n\t\t\t\t\t\t\t<p>Aqu\u00ed tienes mi titulaci\u00f3n oficial:<\/p><ul><li>Grado en Psicolog\u00eda.<\/li><li>M\u00e1ster en Terapia Familiar y de Pareja (psicolog\u00eda sist\u00e9mica)<\/li><li>M\u00e1ster en Psicolog\u00eda General Sanitaria (aqu\u00ed tratamos un mix de todas las ramas)<\/li><li>M\u00e1s unos cuantos seminarios y libros a mis espaldas.<\/li><\/ul><p>No obstante, para m\u00ed, la m\u00e1s importante y la que m\u00e1s me define es la no oficial:<\/p><ul><li>Grado en tratar de conocerme y descubrir qui\u00e9n soy.<\/li><li>M\u00e1ster en cometer errores y aprender de ellos.<\/li><li>M\u00e1ster en hundirme profundamente y siempre encontrar la manera de volver a salir a flote.<\/li><\/ul>\t\t\t\t\t\t<\/div>\n\t\t\t\t<\/div>\n\t\t\t\t<\/div>\n\t\t<div class=\"elementor-element elementor-element-0fe2afd e-con-full e-flex e-con e-child\" data-id=\"0fe2afd\" data-element_type=\"container\">\n\t\t\t\t<div class=\"elementor-element elementor-element-98d85e5 elementor-widget elementor-widget-image\" data-id=\"98d85e5\" data-element_type=\"widget\" data-widget_type=\"image.default\">\n\t\t\t\t<div class=\"elementor-widget-container\">\n\t\t\t\t\t\t\t\t\t\t\t\t\t<img fetchpriority=\"high\" decoding=\"async\" width=\"790\" height=\"875\" src=\"https:\/\/loscisnespsicologia.es\/wp-content\/uploads\/2024\/10\/AKN00430-925x1024.jpg\" class=\"attachment-large size-large wp-image-1289\" alt=\"\" srcset=\"https:\/\/loscisnespsicologia.es\/wp-content\/uploads\/2024\/10\/AKN00430-925x1024.jpg 925w, https:\/\/loscisnespsicologia.es\/wp-content\/uploads\/2024\/10\/AKN00430-271x300.jpg 271w, https:\/\/loscisnespsicologia.es\/wp-content\/uploads\/2024\/10\/AKN00430-768x850.jpg 768w, https:\/\/loscisnespsicologia.es\/wp-content\/uploads\/2024\/10\/AKN00430-1388x1536.jpg 1388w, https:\/\/loscisnespsicologia.es\/wp-content\/uploads\/2024\/10\/AKN00430-1851x2048.jpg 1851w\" sizes=\"(max-width: 790px) 100vw, 790px\" \/>\t\t\t\t\t\t\t\t\t\t\t\t\t<\/div>\n\t\t\t\t<\/div>\n\t\t\t\t<\/div>\n\t\t\t\t\t<\/div>\n\t\t\t\t<\/div>\n\t\t<div class=\"elementor-element elementor-element-f8d50ee e-flex e-con-boxed e-con e-parent\" data-id=\"f8d50ee\" data-element_type=\"container\">\n\t\t\t\t\t<div class=\"e-con-inner\">\n\t\t<div class=\"elementor-element elementor-element-4db70e5 e-con-full e-flex e-con e-child\" data-id=\"4db70e5\" data-element_type=\"container\">\n\t\t\t\t<div class=\"elementor-element elementor-element-eb5ee20 elementor-widget__width-initial elementor-widget elementor-widget-image\" data-id=\"eb5ee20\" data-element_type=\"widget\" data-widget_type=\"image.default\">\n\t\t\t\t<div class=\"elementor-widget-container\">\n\t\t\t\t\t\t\t\t\t\t\t\t\t<img decoding=\"async\" width=\"683\" height=\"1024\" src=\"https:\/\/loscisnespsicologia.es\/wp-content\/uploads\/2024\/10\/AKN00573-683x1024.jpg\" class=\"attachment-large size-large wp-image-1285\" alt=\"\" srcset=\"https:\/\/loscisnespsicologia.es\/wp-content\/uploads\/2024\/10\/AKN00573-683x1024.jpg 683w, https:\/\/loscisnespsicologia.es\/wp-content\/uploads\/2024\/10\/AKN00573-200x300.jpg 200w, https:\/\/loscisnespsicologia.es\/wp-content\/uploads\/2024\/10\/AKN00573-768x1152.jpg 768w, https:\/\/loscisnespsicologia.es\/wp-content\/uploads\/2024\/10\/AKN00573.jpg 1000w\" sizes=\"(max-width: 683px) 100vw, 683px\" \/>\t\t\t\t\t\t\t\t\t\t\t\t\t<\/div>\n\t\t\t\t<\/div>\n\t\t\t\t<\/div>\n\t\t<div class=\"elementor-element elementor-element-ca152bd e-con-full e-flex e-con e-child\" data-id=\"ca152bd\" data-element_type=\"container\">\n\t\t\t\t<div class=\"elementor-element elementor-element-ca6eda3 elementor-widget elementor-widget-heading\" data-id=\"ca6eda3\" data-element_type=\"widget\" data-widget_type=\"heading.default\">\n\t\t\t\t<div class=\"elementor-widget-container\">\n\t\t\t<h2 class=\"elementor-heading-title elementor-size-default\">As\u00ed soy en terapia.<\/h2>\t\t<\/div>\n\t\t\t\t<\/div>\n\t\t\t\t<div class=\"elementor-element elementor-element-a63c581 elementor-widget__width-initial elementor-widget elementor-widget-text-editor\" data-id=\"a63c581\" data-element_type=\"widget\" data-widget_type=\"text-editor.default\">\n\t\t\t\t<div class=\"elementor-widget-container\">\n\t\t\t\t\t\t\t<p style=\"text-align: left;\">Poco a poco he ido puliendo mi estilo terap\u00e9utico, haci\u00e9ndolo m\u00e1s personal y aut\u00e9ntico. Las claves de esta evoluci\u00f3n han sido estar continuamente form\u00e1ndome y leyendo, aprender cada d\u00eda de las sesiones con mis pacientes y, sobre todo, no dejar de trabajarme nunca a nivel personal.<\/p><p>Si inicias un proceso terap\u00e9utico conmigo:<\/p><ul><li>Charlaremos de manera cercana e informal.<\/li><li>Tendremos una relaci\u00f3n sim\u00e9trica\u00a0 (de t\u00fa a t\u00fa, sin jerarqu\u00edas).<\/li><li>Te escuchar\u00e9 y te dar\u00e9 un poco de ca\u00f1a a partes iguales (soy muy de impulsar a la acci\u00f3n una vez hemos dado con aquello que necesitas).<\/li><li>Nunca te dir\u00e9 qu\u00e9 hacer, el volante de tu vida lo tienes t\u00fa.<\/li><li>Si te son \u00fatiles, te mandar\u00e9 tareas para casa.<\/li><\/ul>\t\t\t\t\t\t<\/div>\n\t\t\t\t<\/div>\n\t\t\t\t<\/div>\n\t\t\t\t\t<\/div>\n\t\t\t\t<\/div>\n\t\t<div class=\"elementor-element elementor-element-8c2cfbb e-flex e-con-boxed e-con e-parent\" data-id=\"8c2cfbb\" data-element_type=\"container\">\n\t\t\t\t\t<div class=\"e-con-inner\">\n\t\t<div class=\"elementor-element elementor-element-b84ae62 e-con-full e-flex e-con e-child\" data-id=\"b84ae62\" data-element_type=\"container\">\n\t\t\t\t<div class=\"elementor-element elementor-element-4e35fcf elementor-widget__width-initial elementor-widget elementor-widget-text-editor\" data-id=\"4e35fcf\" data-element_type=\"widget\" data-widget_type=\"text-editor.default\">\n\t\t\t\t<div class=\"elementor-widget-container\">\n\t\t\t\t\t\t\t<p>Para ser un poco m\u00e1s exacta, las t\u00e9cnicas que aplico en sesi\u00f3n proceden de las siguientes ramas de la psicolog\u00eda:<\/p><ul><li>Sist\u00e9mica.<\/li><li>Humanista.<\/li><li>Narrativa.<\/li><li>Psicodrama.<\/li><\/ul>\t\t\t\t\t\t<\/div>\n\t\t\t\t<\/div>\n\t\t\t\t<\/div>\n\t\t<div class=\"elementor-element elementor-element-46fb7fc e-con-full e-flex e-con e-child\" data-id=\"46fb7fc\" data-element_type=\"container\">\n\t\t\t\t<div class=\"elementor-element elementor-element-022512a elementor-widget elementor-widget-image\" data-id=\"022512a\" data-element_type=\"widget\" data-widget_type=\"image.default\">\n\t\t\t\t<div class=\"elementor-widget-container\">\n\t\t\t\t\t\t\t\t\t\t\t\t\t<img decoding=\"async\" width=\"790\" height=\"508\" src=\"https:\/\/loscisnespsicologia.es\/wp-content\/uploads\/2024\/10\/AKN00432-1024x658.jpg\" class=\"attachment-large size-large wp-image-1427\" alt=\"\" srcset=\"https:\/\/loscisnespsicologia.es\/wp-content\/uploads\/2024\/10\/AKN00432-1024x658.jpg 1024w, https:\/\/loscisnespsicologia.es\/wp-content\/uploads\/2024\/10\/AKN00432-300x193.jpg 300w, https:\/\/loscisnespsicologia.es\/wp-content\/uploads\/2024\/10\/AKN00432-768x493.jpg 768w, https:\/\/loscisnespsicologia.es\/wp-content\/uploads\/2024\/10\/AKN00432-1536x986.jpg 1536w, https:\/\/loscisnespsicologia.es\/wp-content\/uploads\/2024\/10\/AKN00432-2048x1315.jpg 2048w\" sizes=\"(max-width: 790px) 100vw, 790px\" \/>\t\t\t\t\t\t\t\t\t\t\t\t\t<\/div>\n\t\t\t\t<\/div>\n\t\t\t\t<\/div>\n\t\t\t\t\t<\/div>\n\t\t\t\t<\/div>\n\t\t\t\t<\/div>\n\t\t","protected":false},"excerpt":{"rendered":"<p>Soy Ana, encantada. Aqu\u00ed tienes mi titulaci\u00f3n oficial: Grado en Psicolog\u00eda. M\u00e1ster en Terapia Familiar &hellip; <\/p>\n","protected":false},"author":1,"featured_media":0,"parent":0,"menu_order":0,"comment_status":"closed","ping_status":"closed","template":"","meta":{"om_disable_all_campaigns":false,"_monsterinsights_skip_tracking":false,"_monsterinsights_sitenote_active":false,"_monsterinsights_sitenote_note":"","_monsterinsights_sitenote_category":0,"_coachify_sidebar_layout":"","footnotes":""},"class_list":["post-32","page","type-page","status-publish","hentry","image-hover-transition-effect"],"aioseo_notices":[],"_links":{"self":[{"href":"https:\/\/loscisnespsicologia.es\/index.php?rest_route=\/wp\/v2\/pages\/32"}],"collection":[{"href":"https:\/\/loscisnespsicologia.es\/index.php?rest_route=\/wp\/v2\/pages"}],"about":[{"href":"https:\/\/loscisnespsicologia.es\/index.php?rest_route=\/wp\/v2\/types\/page"}],"author":[{"embeddable":true,"href":"https:\/\/loscisnespsicologia.es\/index.php?rest_route=\/wp\/v2\/users\/1"}],"replies":[{"embeddable":true,"href":"https:\/\/loscisnespsicologia.es\/index.php?rest_route=%2Fwp%2Fv2%2Fcomments&post=32"}],"version-history":[{"count":188,"href":"https:\/\/loscisnespsicologia.es\/index.php?rest_route=\/wp\/v2\/pages\/32\/revisions"}],"predecessor-version":[{"id":1771,"href":"https:\/\/loscisnespsicologia.es\/index.php?rest_route=\/wp\/v2\/pages\/32\/revisions\/1771"}],"wp:attachment":[{"href":"https:\/\/loscisnespsicologia.es\/index.php?rest_route=%2Fwp%2Fv2%2Fmedia&parent=32"}],"curies":[{"name":"wp","href":"https:\/\/api.w.org\/{rel}","templated":true}]}}