{"id":33,"date":"2023-10-27T18:07:33","date_gmt":"2023-10-27T16:07:33","guid":{"rendered":"https:\/\/loscisnespsicologia.es\/?page_id=33"},"modified":"2025-04-07T16:42:03","modified_gmt":"2025-04-07T14:42:03","slug":"33-2","status":"publish","type":"page","link":"https:\/\/loscisnespsicologia.es\/?page_id=33","title":{"rendered":"Terapia individual"},"content":{"rendered":"\t\t<div data-elementor-type=\"wp-page\" data-elementor-id=\"33\" class=\"elementor elementor-33\">\n\t\t\t\t<div class=\"elementor-element elementor-element-2d20a6e e-flex e-con-boxed e-con e-parent\" data-id=\"2d20a6e\" data-element_type=\"container\">\n\t\t\t\t\t<div class=\"e-con-inner\">\n\t\t\t\t<div class=\"elementor-element elementor-element-aef9033 elementor-widget elementor-widget-heading\" data-id=\"aef9033\" data-element_type=\"widget\" data-widget_type=\"heading.default\">\n\t\t\t\t<div class=\"elementor-widget-container\">\n\t\t\t<h3 class=\"elementor-heading-title elementor-size-default\">\u00bfQuieres conectar contigo mismo y vincularte de forma aut\u00e9ntica?<\/h3>\t\t<\/div>\n\t\t\t\t<\/div>\n\t\t\t\t\t<\/div>\n\t\t\t\t<\/div>\n\t\t<div class=\"elementor-element elementor-element-85500a7 e-flex e-con-boxed e-con e-parent\" data-id=\"85500a7\" data-element_type=\"container\">\n\t\t\t\t\t<div class=\"e-con-inner\">\n\t\t\t\t<div class=\"elementor-element elementor-element-7f648c9 elementor-widget elementor-widget-image\" data-id=\"7f648c9\" data-element_type=\"widget\" data-widget_type=\"image.default\">\n\t\t\t\t<div class=\"elementor-widget-container\">\n\t\t\t\t\t\t\t\t\t\t\t\t\t<img decoding=\"async\" src=\"https:\/\/loscisnespsicologia.es\/wp-content\/uploads\/2025\/04\/sesiones2-1.png\" title=\"sesiones2\" alt=\"sesiones2\" loading=\"lazy\" \/>\t\t\t\t\t\t\t\t\t\t\t\t\t<\/div>\n\t\t\t\t<\/div>\n\t\t\t\t\t<\/div>\n\t\t\t\t<\/div>\n\t\t<div class=\"elementor-element elementor-element-8f0e7eb e-flex e-con-boxed e-con e-parent\" data-id=\"8f0e7eb\" data-element_type=\"container\">\n\t\t\t\t\t<div class=\"e-con-inner\">\n\t\t<div class=\"elementor-element elementor-element-1e99a3a e-con-full e-flex e-con e-child\" data-id=\"1e99a3a\" data-element_type=\"container\">\n\t\t\t\t<div class=\"elementor-element elementor-element-bfb8a37 elementor-widget elementor-widget-text-editor\" data-id=\"bfb8a37\" data-element_type=\"widget\" data-widget_type=\"text-editor.default\">\n\t\t\t\t<div class=\"elementor-widget-container\">\n\t\t\t\t\t\t\t<p style=\"text-align: left;\"><em>\u00bfC\u00f3mo se hacen las sesiones y cuando duran?<\/em><\/p><p>Las sesiones pueden ser <em>online<\/em> o presenciales en Calle de O&#8217;Donnel, 32, 1E, Retiro, 28009 Madrid (Es un Centro de Psicolog\u00eda donde alquilamos despacho muchos profesionales) y nos veremos la carita unos 50 minutos. Si quieres que nos veamos de forma presencial, ve al apartado &#8220;contacto&#8221;.<\/p><p><em>\u00bfA qui\u00e9n le vendr\u00e1 bien esta terapia?<\/em><\/p><p>A personas de cualquier sexo y mayores de edad que quieran:<\/p><ul><li>Conectar con sus emociones y aprender a relacionarse de forma sana con ellas.<\/li><li>Conocer y aceptar todas sus facetas.<\/li><li>Dejar de sufrir continuamente en sus relaciones.<\/li><\/ul><p><em>\u00bfCuantas sesiones es necesario tener?<\/em><\/p><p>La experiencia me ha llevado a concluir que es muy complicado fijar un n\u00famero determinado. Cada persona tiene unas necesidades muy espec\u00edficas y requiere un tiempo diferente de intervenci\u00f3n. <\/p>\t\t\t\t\t\t<\/div>\n\t\t\t\t<\/div>\n\t\t\t\t<\/div>\n\t\t<div class=\"elementor-element elementor-element-ef853dd e-con-full e-flex e-con e-child\" data-id=\"ef853dd\" data-element_type=\"container\">\n\t\t\t\t<div class=\"elementor-element elementor-element-10d4513 elementor-widget__width-initial elementor-widget elementor-widget-image\" data-id=\"10d4513\" data-element_type=\"widget\" data-widget_type=\"image.default\">\n\t\t\t\t<div class=\"elementor-widget-container\">\n\t\t\t\t\t\t\t\t\t\t\t\t\t<img fetchpriority=\"high\" decoding=\"async\" width=\"790\" height=\"790\" src=\"https:\/\/loscisnespsicologia.es\/wp-content\/uploads\/2024\/10\/ORDENADOR-SESIONES-1024x1024.png\" class=\"attachment-large size-large wp-image-1348\" alt=\"\" srcset=\"https:\/\/loscisnespsicologia.es\/wp-content\/uploads\/2024\/10\/ORDENADOR-SESIONES-1024x1024.png 1024w, https:\/\/loscisnespsicologia.es\/wp-content\/uploads\/2024\/10\/ORDENADOR-SESIONES-300x300.png 300w, https:\/\/loscisnespsicologia.es\/wp-content\/uploads\/2024\/10\/ORDENADOR-SESIONES-150x150.png 150w, https:\/\/loscisnespsicologia.es\/wp-content\/uploads\/2024\/10\/ORDENADOR-SESIONES-768x768.png 768w, https:\/\/loscisnespsicologia.es\/wp-content\/uploads\/2024\/10\/ORDENADOR-SESIONES-355x355.png 355w, https:\/\/loscisnespsicologia.es\/wp-content\/uploads\/2024\/10\/ORDENADOR-SESIONES-370x370.png 370w, https:\/\/loscisnespsicologia.es\/wp-content\/uploads\/2024\/10\/ORDENADOR-SESIONES-170x170.png 170w, https:\/\/loscisnespsicologia.es\/wp-content\/uploads\/2024\/10\/ORDENADOR-SESIONES.png 1080w\" sizes=\"(max-width: 790px) 100vw, 790px\" \/>\t\t\t\t\t\t\t\t\t\t\t\t\t<\/div>\n\t\t\t\t<\/div>\n\t\t\t\t<div class=\"elementor-element elementor-element-d0a4a26 elementor-widget elementor-widget-text-editor\" data-id=\"d0a4a26\" data-element_type=\"widget\" data-widget_type=\"text-editor.default\">\n\t\t\t\t<div class=\"elementor-widget-container\">\n\t\t\t\t\t\t\t<p><em>\u00bfQuieres saber m\u00e1s sobre la terapia y sobre m\u00ed?<br \/><\/em><\/p>\t\t\t\t\t\t<\/div>\n\t\t\t\t<\/div>\n\t\t\t\t<div class=\"elementor-element elementor-element-2662821 elementor-widget elementor-widget-button\" data-id=\"2662821\" data-element_type=\"widget\" data-widget_type=\"button.default\">\n\t\t\t\t<div class=\"elementor-widget-container\">\n\t\t\t\t\t<div class=\"elementor-button-wrapper\">\n\t\t\t<a class=\"elementor-button elementor-button-link elementor-size-xs\" href=\"https:\/\/loscisnespsicologia.es\/?page_id=32\">\n\t\t\t\t\t\t<span class=\"elementor-button-content-wrapper\">\n\t\t\t\t\t\t\t\t\t<span class=\"elementor-button-text\">S\u00ed, quiero saber m\u00e1s<\/span>\n\t\t\t\t\t<\/span>\n\t\t\t\t\t<\/a>\n\t\t<\/div>\n\t\t\t\t<\/div>\n\t\t\t\t<\/div>\n\t\t\t\t<\/div>\n\t\t\t\t\t<\/div>\n\t\t\t\t<\/div>\n\t\t<div class=\"elementor-element elementor-element-0f6cd4f e-con-full e-flex e-con e-parent\" data-id=\"0f6cd4f\" data-element_type=\"container\">\n\t\t\t\t<div class=\"elementor-element elementor-element-930e7df elementor-widget elementor-widget-spacer\" data-id=\"930e7df\" data-element_type=\"widget\" data-widget_type=\"spacer.default\">\n\t\t\t\t<div class=\"elementor-widget-container\">\n\t\t\t\t\t<div class=\"elementor-spacer\">\n\t\t\t<div class=\"elementor-spacer-inner\"><\/div>\n\t\t<\/div>\n\t\t\t\t<\/div>\n\t\t\t\t<\/div>\n\t\t\t\t<\/div>\n\t\t<div class=\"elementor-element elementor-element-7823927 e-flex e-con-boxed e-con e-parent\" data-id=\"7823927\" data-element_type=\"container\">\n\t\t\t\t\t<div class=\"e-con-inner\">\n\t\t\t\t<div class=\"elementor-element elementor-element-0d329f1 elementor-widget elementor-widget-heading\" data-id=\"0d329f1\" data-element_type=\"widget\" data-widget_type=\"heading.default\">\n\t\t\t\t<div class=\"elementor-widget-container\">\n\t\t\t<h2 class=\"elementor-heading-title elementor-size-default\">\"S\u00ed, s\u00ed... \u00bfpero cu\u00e1nto cuesta?\"<br>Te lo digo ahora mismo:<\/h2>\t\t<\/div>\n\t\t\t\t<\/div>\n\t\t\t\t\t<\/div>\n\t\t\t\t<\/div>\n\t\t<div class=\"elementor-element elementor-element-d719619 e-flex e-con-boxed e-con e-parent\" data-id=\"d719619\" data-element_type=\"container\">\n\t\t\t\t\t<div class=\"e-con-inner\">\n\t\t\t\t<div class=\"elementor-element elementor-element-f649456 elementor-widget elementor-widget-image\" data-id=\"f649456\" data-element_type=\"widget\" data-widget_type=\"image.default\">\n\t\t\t\t<div class=\"elementor-widget-container\">\n\t\t\t\t\t\t\t\t\t\t\t\t\t<img decoding=\"async\" width=\"768\" height=\"614\" src=\"https:\/\/loscisnespsicologia.es\/wp-content\/uploads\/2025\/04\/preciosss-768x614.png\" class=\"attachment-medium_large size-medium_large wp-image-1778\" alt=\"\" srcset=\"https:\/\/loscisnespsicologia.es\/wp-content\/uploads\/2025\/04\/preciosss-768x614.png 768w, https:\/\/loscisnespsicologia.es\/wp-content\/uploads\/2025\/04\/preciosss-300x240.png 300w, https:\/\/loscisnespsicologia.es\/wp-content\/uploads\/2025\/04\/preciosss.png 1000w\" sizes=\"(max-width: 768px) 100vw, 768px\" \/>\t\t\t\t\t\t\t\t\t\t\t\t\t<\/div>\n\t\t\t\t<\/div>\n\t\t\t\t\t<\/div>\n\t\t\t\t<\/div>\n\t\t<div class=\"elementor-element elementor-element-1c169b3 e-flex e-con-boxed e-con e-parent\" data-id=\"1c169b3\" data-element_type=\"container\">\n\t\t\t\t\t<div class=\"e-con-inner\">\n\t\t\t\t<div class=\"elementor-element elementor-element-06d2fe4 elementor-widget elementor-widget-spacer\" data-id=\"06d2fe4\" data-element_type=\"widget\" data-widget_type=\"spacer.default\">\n\t\t\t\t<div class=\"elementor-widget-container\">\n\t\t\t\t\t<div class=\"elementor-spacer\">\n\t\t\t<div class=\"elementor-spacer-inner\"><\/div>\n\t\t<\/div>\n\t\t\t\t<\/div>\n\t\t\t\t<\/div>\n\t\t\t\t\t<\/div>\n\t\t\t\t<\/div>\n\t\t<div class=\"elementor-element elementor-element-a0ba667 e-flex e-con-boxed e-con e-parent\" data-id=\"a0ba667\" data-element_type=\"container\">\n\t\t\t\t\t<div class=\"e-con-inner\">\n\t\t\t\t<div class=\"elementor-element elementor-element-0c4a37c elementor-widget elementor-widget-text-editor\" data-id=\"0c4a37c\" data-element_type=\"widget\" data-widget_type=\"text-editor.default\">\n\t\t\t\t<div class=\"elementor-widget-container\">\n\t\t\t\t\t\t\t<p style=\"text-align: center;\">\u00bfLo tienes todo claro? Entra en el calendario y reserva tu cita.<\/p>\t\t\t\t\t\t<\/div>\n\t\t\t\t<\/div>\n\t\t\t\t\t<\/div>\n\t\t\t\t<\/div>\n\t\t<div class=\"elementor-element elementor-element-92ab0ff e-flex e-con-boxed e-con e-parent\" data-id=\"92ab0ff\" data-element_type=\"container\">\n\t\t\t\t\t<div class=\"e-con-inner\">\n\t\t\t\t<div class=\"elementor-element elementor-element-a042945 elementor-widget elementor-widget-html\" data-id=\"a042945\" data-element_type=\"widget\" data-widget_type=\"html.default\">\n\t\t\t\t<div class=\"elementor-widget-container\">\n\t\t\t<a id=\"zl-url\" class=\"zl-url\" href=\"https:\/\/www.doctoralia.es\/ana-sempere\/psicologo\/madrid\" rel=\"nofollow\" data-zlw-doctor=\"ana-sempere\" data-zlw-type=\"big_with_calendar\" data-zlw-opinion=\"false\" data-zlw-hide-branding=\"true\" data-zlw-saas-only=\"true\">Ana Sempere - Doctoralia.es<\/a><script>!function($_x,_s,id){var js,fjs=$_x.getElementsByTagName(_s)[0];if(!$_x.getElementById(id)){js = $_x.createElement(_s);js.id = id;js.src = \"\/\/platform.docplanner.com\/js\/widget.js\";fjs.parentNode.insertBefore(js,fjs);}}(document,\"script\",\"zl-widget-s\");<\/script>\t\t<\/div>\n\t\t\t\t<\/div>\n\t\t\t\t\t<\/div>\n\t\t\t\t<\/div>\n\t\t\t\t<\/div>\n\t\t","protected":false},"excerpt":{"rendered":"<p>\u00bfQuieres conectar contigo mismo y vincularte de forma aut\u00e9ntica? \u00bfC\u00f3mo se hacen las sesiones y &hellip; <\/p>\n","protected":false},"author":1,"featured_media":0,"parent":0,"menu_order":0,"comment_status":"closed","ping_status":"closed","template":"","meta":{"om_disable_all_campaigns":false,"_monsterinsights_skip_tracking":false,"_monsterinsights_sitenote_active":false,"_monsterinsights_sitenote_note":"","_monsterinsights_sitenote_category":0,"_coachify_sidebar_layout":"","footnotes":""},"class_list":["post-33","page","type-page","status-publish","hentry","image-hover-transition-effect"],"aioseo_notices":[],"_links":{"self":[{"href":"https:\/\/loscisnespsicologia.es\/index.php?rest_route=\/wp\/v2\/pages\/33"}],"collection":[{"href":"https:\/\/loscisnespsicologia.es\/index.php?rest_route=\/wp\/v2\/pages"}],"about":[{"href":"https:\/\/loscisnespsicologia.es\/index.php?rest_route=\/wp\/v2\/types\/page"}],"author":[{"embeddable":true,"href":"https:\/\/loscisnespsicologia.es\/index.php?rest_route=\/wp\/v2\/users\/1"}],"replies":[{"embeddable":true,"href":"https:\/\/loscisnespsicologia.es\/index.php?rest_route=%2Fwp%2Fv2%2Fcomments&post=33"}],"version-history":[{"count":323,"href":"https:\/\/loscisnespsicologia.es\/index.php?rest_route=\/wp\/v2\/pages\/33\/revisions"}],"predecessor-version":[{"id":1792,"href":"https:\/\/loscisnespsicologia.es\/index.php?rest_route=\/wp\/v2\/pages\/33\/revisions\/1792"}],"wp:attachment":[{"href":"https:\/\/loscisnespsicologia.es\/index.php?rest_route=%2Fwp%2Fv2%2Fmedia&parent=33"}],"curies":[{"name":"wp","href":"https:\/\/api.w.org\/{rel}","templated":true}]}}